{"id":46721,"date":"2018-09-23T10:06:48","date_gmt":"2018-09-23T14:06:48","guid":{"rendered":"https:\/\/distgc.com\/?product=roue-a-mesurer-metrique-12-de-diametre"},"modified":"2023-06-08T11:05:30","modified_gmt":"2023-06-08T11:05:30","slug":"roue-a-mesurer-metrique-12-de-diametre","status":"publish","type":"product","link":"https:\/\/www.distgc.com\/en\/product\/roue-a-mesurer-metrique-12-de-diametre\/","title":{"rendered":"ROUE A MESURER M\u00c9TRIQUE 12&#8221; DE DIAM\u00c8TRE"},"content":{"rendered":"<p>ROUE A MESURER M\u00c9TRIQUE<\/p>\n","protected":false},"excerpt":{"rendered":"<p>ROUE A MESURER M\u00c9TRIQUE<\/p>\n","protected":false},"featured_media":24423,"template":"","meta":{"slim_seo":{"title":"ROUE A MESURER M\u00c9TRIQUE 12'' DE DIAM\u00c8TRE - Distribution Industrielle G.C.","description":"ROUE A MESURER M\u00c9TRIQUE"}},"pwb-brand":[639],"product_brand":[],"product_cat":[1135,1055,1017],"product_tag":[],"class_list":{"0":"post-46721","1":"product","2":"type-product","3":"status-publish","4":"has-post-thumbnail","6":"pwb-brand-lufkin","7":"product_cat-caster","8":"product_cat-tape-measure","9":"product_cat-tool","11":"first","12":"instock","13":"taxable","14":"shipping-taxable","15":"purchasable","16":"product-type-simple","17":"add-to-wishlist-after_add_to_cart"},"brands":[{"id":639,"name":"LUFKIN","slug":"lufkin"}],"_links":{"self":[{"href":"https:\/\/www.distgc.com\/en\/wp-json\/wp\/v2\/product\/46721","targetHints":{"allow":["GET"]}}],"collection":[{"href":"https:\/\/www.distgc.com\/en\/wp-json\/wp\/v2\/product"}],"about":[{"href":"https:\/\/www.distgc.com\/en\/wp-json\/wp\/v2\/types\/product"}],"wp:featuredmedia":[{"embeddable":true,"href":"https:\/\/www.distgc.com\/en\/wp-json\/wp\/v2\/media\/24423"}],"wp:attachment":[{"href":"https:\/\/www.distgc.com\/en\/wp-json\/wp\/v2\/media?parent=46721"}],"wp:term":[{"taxonomy":"pwb-brand","embeddable":true,"href":"https:\/\/www.distgc.com\/en\/wp-json\/wp\/v2\/pwb-brand?post=46721"},{"taxonomy":"product_brand","embeddable":true,"href":"https:\/\/www.distgc.com\/en\/wp-json\/wp\/v2\/product_brand?post=46721"},{"taxonomy":"product_cat","embeddable":true,"href":"https:\/\/www.distgc.com\/en\/wp-json\/wp\/v2\/product_cat?post=46721"},{"taxonomy":"product_tag","embeddable":true,"href":"https:\/\/www.distgc.com\/en\/wp-json\/wp\/v2\/product_tag?post=46721"}],"curies":[{"name":"wp","href":"https:\/\/api.w.org\/{rel}","templated":true}]}}