{"id":47105,"date":"2021-08-26T01:44:41","date_gmt":"2021-08-26T05:44:41","guid":{"rendered":"https:\/\/distgc.com\/?product=longe-a-mousqueton-a-simple-emerillon-15lb-38-a-48"},"modified":"2025-01-09T12:04:31","modified_gmt":"2025-01-09T17:04:31","slug":"longe-a-mousqueton-a-simple-emerillon-15lb-38-a-48","status":"publish","type":"product","link":"https:\/\/www.distgc.com\/en\/product\/longe-a-mousqueton-a-simple-emerillon-15lb-38-a-48\/","title":{"rendered":"Longe \u00e0 mousqueton \u00e0 simple \u00e9merillon 15lb. 38&#8221; \u00e0 48&#8221;"},"content":{"rendered":"","protected":false},"excerpt":{"rendered":"","protected":false},"featured_media":25117,"template":"","meta":{"slim_seo":{"title":"Longe \u00e0 mousqueton \u00e0 simple \u00e9merillon 15lb. 38'' \u00e0 48'' - Distribution Industrielle G.C.","description":""}},"pwb-brand":[560],"product_brand":[],"product_cat":[1199,1057,1083],"product_tag":[],"class_list":{"0":"post-47105","1":"product","2":"type-product","3":"status-publish","4":"has-post-thumbnail","6":"pwb-brand-apex","7":"product_cat-accessory-for-tool-retained","8":"product_cat-lineman-equipment","9":"product_cat-power-line-equipment","11":"first","12":"instock","13":"taxable","14":"shipping-taxable","15":"purchasable","16":"product-type-simple","17":"add-to-wishlist-after_add_to_cart"},"brands":[{"id":560,"name":"APEX","slug":"apex"}],"_links":{"self":[{"href":"https:\/\/www.distgc.com\/en\/wp-json\/wp\/v2\/product\/47105","targetHints":{"allow":["GET"]}}],"collection":[{"href":"https:\/\/www.distgc.com\/en\/wp-json\/wp\/v2\/product"}],"about":[{"href":"https:\/\/www.distgc.com\/en\/wp-json\/wp\/v2\/types\/product"}],"wp:featuredmedia":[{"embeddable":true,"href":"https:\/\/www.distgc.com\/en\/wp-json\/wp\/v2\/media\/25117"}],"wp:attachment":[{"href":"https:\/\/www.distgc.com\/en\/wp-json\/wp\/v2\/media?parent=47105"}],"wp:term":[{"taxonomy":"pwb-brand","embeddable":true,"href":"https:\/\/www.distgc.com\/en\/wp-json\/wp\/v2\/pwb-brand?post=47105"},{"taxonomy":"product_brand","embeddable":true,"href":"https:\/\/www.distgc.com\/en\/wp-json\/wp\/v2\/product_brand?post=47105"},{"taxonomy":"product_cat","embeddable":true,"href":"https:\/\/www.distgc.com\/en\/wp-json\/wp\/v2\/product_cat?post=47105"},{"taxonomy":"product_tag","embeddable":true,"href":"https:\/\/www.distgc.com\/en\/wp-json\/wp\/v2\/product_tag?post=47105"}],"curies":[{"name":"wp","href":"https:\/\/api.w.org\/{rel}","templated":true}]}}