{"id":47143,"date":"2021-09-09T21:49:32","date_gmt":"2021-09-10T01:49:32","guid":{"rendered":"https:\/\/distgc.com\/?product=botte-de-monteur-3-saisons-15-celcius-isole-brune-omega-csa-avec-renfort-pour-monter-a-leperon"},"modified":"2024-11-26T11:29:58","modified_gmt":"2024-11-26T16:29:58","slug":"botte-de-monteur-3-saisons-15-celcius-isole-brune-omega-csa-avec-renfort-pour-monter-a-leperon","status":"publish","type":"product","link":"https:\/\/www.distgc.com\/en\/product\/botte-de-monteur-3-saisons-15-celcius-isole-brune-omega-csa-avec-renfort-pour-monter-a-leperon\/","title":{"rendered":"BOTTE DE MONTEUR 3 SAISONS (-15 celcius) ISOL\u00c9 BRUNE OMEGA CSA  AVEC RENFORT POUR MONTER \u00c0 L&#8217;\u00c9PERON"},"content":{"rendered":"<div class=\"Zc7IjY\" role=\"listitem\">\n<div id=\"comp-jqwnfpdr__item-jqwohglo\" class=\"comp-jqwnfpdr YzqVVZ wixui-repeater__item\">\n<div class=\"\" data-mesh-id=\"comp-jqwnfpdr__item-jqwohgloinlineContent\" data-testid=\"inline-content\">\n<div data-mesh-id=\"comp-jqwnfpdr__item-jqwohgloinlineContent-gridContainer\" data-testid=\"mesh-container-content\">\n<div id=\"comp-jqwnrvz9__item-jqwohglo\" class=\"HcOXKn SxM0TO QxJLC3 lq2cno comp-jqwnrvz9 wixui-rich-text\" data-testid=\"richTextElement\"><\/div>\n<\/div>\n<\/div>\n<\/div>\n<\/div>\n<div class=\"Zc7IjY\" role=\"listitem\">\n<div id=\"comp-jqwnfpdr__item-jqwom44g\" class=\"comp-jqwnfpdr YzqVVZ wixui-repeater__item\">\n<p><strong>Bottes<\/strong> <strong>de travail \u00e0 lacets<\/strong> <strong>Canada Ouest pour hommes<\/strong><br \/>\nDes bottes de travail robustes et fabriqu\u00e9es \u00e0 la main sur lesquelles les Canadiens ont appris \u00e0 compter. Fabriqu\u00e9 \u00e0 partir de cuir huil\u00e9 de qualit\u00e9 sup\u00e9rieure. Doublures Cambrelle qui \u00e9vacuent l\u2019humidit\u00e9. Embouts en acier C.S.A. grade 1 et semelles int\u00e9rieures non m\u00e9talliques r\u00e9sistantes \u00e0 la perforation. Semelles int\u00e9rieures \u00e0 coussin amovible. Tailles 61\/2 \u00e0 12 et 13<\/p>\n<p><strong>Mod\u00e8le # 34316 \u2013 Lacet aux orteils \u2013 ST\/PRI \u2013 <span class=\"color_19\">CSA Grade 1 \u2013 R\u00e9sistant aux chocs \u00e9lectriques<\/span><\/strong><\/p>\n<p><strong>Isolation<\/strong> : 200 g de Thinsulate<\/p>\n<p><em><strong>Quartiers :<\/strong> 9&#8243; Quartiers<\/em><br \/>\n<em><strong>Cuir :<\/strong> Noix de p\u00e9can Tumbled \/ Climber<\/em><br \/>\n<em><strong>Forme des orteils :<\/strong> 470 Orteil 3E<\/em><br \/>\n<em><strong>Semelle :<\/strong>Vibram 1275 <\/em><\/p>\n<p>&nbsp;<\/p>\n<\/div>\n<\/div>\n<p><strong>TRANSPORT SANS FRAIS PAR PUROLATOR POUR TOUTES LES BOTTES<\/strong><\/p>\n<p>LES GRANDEURS SONT DE TAILLE FORTE, DONC VOUS DEVEZ COMPTER UN POINT DE MOINS POUR CHOISIR LA GRANDEUR OU APPELEZ-NOUS POUR VALIDER.<br \/>\nGRANDEUR DE 6 @ 12 EN STOCK AUTRES GRANDEURS SUR DEMANDE.<\/p>\n<p><strong>** COMMENT FAIRE POUR PRENDRE LA BONNE GRANDEUR **<\/strong><\/p>\n<p>&#8211; Veuillez s\u00e9lectionner la charte de grandeur pour les commandes internet et par t\u00e9l\u00e9phone.<br \/>\n&#8211; Vous devez mesurer votre pied en pouces ou en centim\u00e8tres et consulter la charte pour votre grandeur.<br \/>\n&#8211; Celle-ci vous indiquera la grandeur \u00e0 commander.<\/p>\n","protected":false},"excerpt":{"rendered":"<p>Bottes de travail \u00e0 lacets Canada Ouest pour hommes Des bottes de travail robustes et fabriqu\u00e9es \u00e0 la main sur lesquelles les Canadiens ont appris \u00e0 compter. Fabriqu\u00e9 \u00e0 partir de cuir huil\u00e9 de qualit\u00e9 sup\u00e9rieure. Doublures Cambrelle qui \u00e9vacuent l\u2019humidit\u00e9. Embouts en acier C.S.A. grade 1 et semelles int\u00e9rieures non m\u00e9talliques r\u00e9sistantes \u00e0 la [&hellip;]<\/p>\n","protected":false},"featured_media":25163,"template":"","meta":{"slim_seo":{"title":"BOTTE DE MONTEUR 3 SAISONS (-15 celcius) ISOL\u00c9 BRUNE OMEGA CSA AVEC RENFORT POUR MONTER \u00c0 L'\u00c9PERON - Distribution Industrielle G.C.","description":"Bottes de travail \u00e0 lacets Canada Ouest pour hommes Des bottes de travail robustes et fabriqu\u00e9es \u00e0 la main sur lesquelles les Canadiens ont appris \u00e0 compter. Fa"}},"pwb-brand":[11579],"product_brand":[],"product_cat":[1203,1201,1057,1209,1205],"product_tag":[],"class_list":{"0":"post-47143","1":"product","2":"type-product","3":"status-publish","4":"has-post-thumbnail","6":"pwb-brand-canada-west-shoe","7":"product_cat-emondeur-en","8":"product_cat-ferrailleur-en","9":"product_cat-lineman-equipment","10":"product_cat-protection-des-pieds-en","11":"product_cat-telecom-en","13":"first","14":"instock","15":"featured","16":"taxable","17":"shipping-taxable","18":"purchasable","19":"product-type-variable","20":"add-to-wishlist-after_add_to_cart"},"brands":[{"id":11579,"name":"Canada West shoe","slug":"canada-west-shoe"}],"_links":{"self":[{"href":"https:\/\/www.distgc.com\/en\/wp-json\/wp\/v2\/product\/47143","targetHints":{"allow":["GET"]}}],"collection":[{"href":"https:\/\/www.distgc.com\/en\/wp-json\/wp\/v2\/product"}],"about":[{"href":"https:\/\/www.distgc.com\/en\/wp-json\/wp\/v2\/types\/product"}],"wp:featuredmedia":[{"embeddable":true,"href":"https:\/\/www.distgc.com\/en\/wp-json\/wp\/v2\/media\/25163"}],"wp:attachment":[{"href":"https:\/\/www.distgc.com\/en\/wp-json\/wp\/v2\/media?parent=47143"}],"wp:term":[{"taxonomy":"pwb-brand","embeddable":true,"href":"https:\/\/www.distgc.com\/en\/wp-json\/wp\/v2\/pwb-brand?post=47143"},{"taxonomy":"product_brand","embeddable":true,"href":"https:\/\/www.distgc.com\/en\/wp-json\/wp\/v2\/product_brand?post=47143"},{"taxonomy":"product_cat","embeddable":true,"href":"https:\/\/www.distgc.com\/en\/wp-json\/wp\/v2\/product_cat?post=47143"},{"taxonomy":"product_tag","embeddable":true,"href":"https:\/\/www.distgc.com\/en\/wp-json\/wp\/v2\/product_tag?post=47143"}],"curies":[{"name":"wp","href":"https:\/\/api.w.org\/{rel}","templated":true}]}}