{"id":47237,"date":"2021-11-24T02:12:42","date_gmt":"2021-11-24T07:12:42","guid":{"rendered":"https:\/\/distgc.com\/?product=cagoule-arc-flash-cat-2-fr-2-epaisseur-grise-grandeur-unique"},"modified":"2023-06-08T11:17:13","modified_gmt":"2023-06-08T11:17:13","slug":"cagoule-arc-flash-cat-2-fr-2-epaisseur-grise-grandeur-unique","status":"publish","type":"product","link":"https:\/\/www.distgc.com\/en\/product\/cagoule-arc-flash-cat-2-fr-2-epaisseur-grise-grandeur-unique\/","title":{"rendered":"CAGOULE ARC FLASH CAT 2 FR 2 \u00c9PAISSEUR GRISE GRANDEUR UNIQUE"},"content":{"rendered":"<p>Cagoule r\u00e9sistante au feu, ultra douce et non irritante pour un confort tout au long de la journ\u00e9e.<\/p>\n","protected":false},"excerpt":{"rendered":"<p>Cagoule r\u00e9sistante au feu, ultra douce et non irritante pour un confort tout au long de la journ\u00e9e.<\/p>\n","protected":false},"featured_media":25359,"template":"","meta":{"slim_seo":{"title":"CAGOULE ARC FLASH CAT 2 FR 2 \u00c9PAISSEUR GRISE GRANDEUR UNIQUE - Distribution Industrielle G.C.","description":"Cagoule r\u00e9sistante au feu, ultra douce et non irritante pour un confort tout au long de la journ\u00e9e."}},"pwb-brand":[708],"product_brand":[],"product_cat":[1131,1057],"product_tag":[],"class_list":{"0":"post-47237","1":"product","2":"type-product","3":"status-publish","4":"has-post-thumbnail","6":"pwb-brand-superior-glove","7":"product_cat-clothes","8":"product_cat-lineman-equipment","10":"first","11":"instock","12":"taxable","13":"shipping-taxable","14":"purchasable","15":"product-type-simple","16":"add-to-wishlist-after_add_to_cart"},"brands":[{"id":708,"name":"SUPERIOR GLOVE","slug":"superior-glove"}],"_links":{"self":[{"href":"https:\/\/www.distgc.com\/en\/wp-json\/wp\/v2\/product\/47237","targetHints":{"allow":["GET"]}}],"collection":[{"href":"https:\/\/www.distgc.com\/en\/wp-json\/wp\/v2\/product"}],"about":[{"href":"https:\/\/www.distgc.com\/en\/wp-json\/wp\/v2\/types\/product"}],"wp:featuredmedia":[{"embeddable":true,"href":"https:\/\/www.distgc.com\/en\/wp-json\/wp\/v2\/media\/25359"}],"wp:attachment":[{"href":"https:\/\/www.distgc.com\/en\/wp-json\/wp\/v2\/media?parent=47237"}],"wp:term":[{"taxonomy":"pwb-brand","embeddable":true,"href":"https:\/\/www.distgc.com\/en\/wp-json\/wp\/v2\/pwb-brand?post=47237"},{"taxonomy":"product_brand","embeddable":true,"href":"https:\/\/www.distgc.com\/en\/wp-json\/wp\/v2\/product_brand?post=47237"},{"taxonomy":"product_cat","embeddable":true,"href":"https:\/\/www.distgc.com\/en\/wp-json\/wp\/v2\/product_cat?post=47237"},{"taxonomy":"product_tag","embeddable":true,"href":"https:\/\/www.distgc.com\/en\/wp-json\/wp\/v2\/product_tag?post=47237"}],"curies":[{"name":"wp","href":"https:\/\/api.w.org\/{rel}","templated":true}]}}