{"id":47317,"date":"2022-01-06T22:37:54","date_gmt":"2022-01-07T03:37:54","guid":{"rendered":"https:\/\/distgc.com\/?product=ratchet-12dr-x-10-40-dents-quick-release"},"modified":"2023-06-08T11:19:04","modified_gmt":"2023-06-08T11:19:04","slug":"ratchet-12dr-x-10-40-dents-quick-release","status":"publish","type":"product","link":"https:\/\/www.distgc.com\/en\/product\/ratchet-12dr-x-10-40-dents-quick-release\/","title":{"rendered":"RATCHET 1\/2DR X 10&#8221; @ 40 DENTS QUICK RELEASE"},"content":{"rendered":"<p>Cliquets \u00e0 d\u00e9gagement rapide \u00e0 entra\u00eenement 1\/2&#8243; et 40 dents<\/p>\n","protected":false},"excerpt":{"rendered":"<p>Cliquets \u00e0 d\u00e9gagement rapide \u00e0 entra\u00eenement 1\/2&#8243; et 40 dents<\/p>\n","protected":false},"featured_media":25471,"template":"","meta":{"slim_seo":{"title":"RATCHET 1\/2DR X 10'' @ 40 DENTS QUICK RELEASE - Distribution Industrielle G.C.","description":"Cliquets \u00e0 d\u00e9gagement rapide \u00e0 entra\u00eenement 1\/2\" et 40 dents"}},"pwb-brand":[600],"product_brand":[],"product_cat":[1057,1085],"product_tag":[],"class_list":{"0":"post-47317","1":"product","2":"type-product","3":"status-publish","4":"has-post-thumbnail","6":"pwb-brand-gray-tools","7":"product_cat-lineman-equipment","8":"product_cat-wrench","10":"first","11":"instock","12":"taxable","13":"shipping-taxable","14":"purchasable","15":"product-type-simple","16":"add-to-wishlist-after_add_to_cart"},"brands":[{"id":600,"name":"GRAY TOOLS","slug":"gray-tools"}],"_links":{"self":[{"href":"https:\/\/www.distgc.com\/en\/wp-json\/wp\/v2\/product\/47317","targetHints":{"allow":["GET"]}}],"collection":[{"href":"https:\/\/www.distgc.com\/en\/wp-json\/wp\/v2\/product"}],"about":[{"href":"https:\/\/www.distgc.com\/en\/wp-json\/wp\/v2\/types\/product"}],"wp:featuredmedia":[{"embeddable":true,"href":"https:\/\/www.distgc.com\/en\/wp-json\/wp\/v2\/media\/25471"}],"wp:attachment":[{"href":"https:\/\/www.distgc.com\/en\/wp-json\/wp\/v2\/media?parent=47317"}],"wp:term":[{"taxonomy":"pwb-brand","embeddable":true,"href":"https:\/\/www.distgc.com\/en\/wp-json\/wp\/v2\/pwb-brand?post=47317"},{"taxonomy":"product_brand","embeddable":true,"href":"https:\/\/www.distgc.com\/en\/wp-json\/wp\/v2\/product_brand?post=47317"},{"taxonomy":"product_cat","embeddable":true,"href":"https:\/\/www.distgc.com\/en\/wp-json\/wp\/v2\/product_cat?post=47317"},{"taxonomy":"product_tag","embeddable":true,"href":"https:\/\/www.distgc.com\/en\/wp-json\/wp\/v2\/product_tag?post=47317"}],"curies":[{"name":"wp","href":"https:\/\/api.w.org\/{rel}","templated":true}]}}