{"id":47325,"date":"2022-01-28T02:27:04","date_gmt":"2022-01-28T07:27:04","guid":{"rendered":"https:\/\/distgc.com\/?product=roue-8-pivotante-9-12-hors-tout-fourche-2-trous"},"modified":"2023-06-08T11:19:13","modified_gmt":"2023-06-08T11:19:13","slug":"roue-8-pivotante-9-12-hors-tout-fourche-2-trous","status":"publish","type":"product","link":"https:\/\/www.distgc.com\/en\/product\/roue-8-pivotante-9-12-hors-tout-fourche-2-trous\/","title":{"rendered":"ROUE 8&#8221; PIVOTANTE 9-1\/2 HORS TOUT FOURCHE 2 TROUS"},"content":{"rendered":"<p>8&#8243; (203,2 mm)<br \/>\nCapacit\u00e9: 500 lb (227 kg)<br \/>\nMat\u00e9riau de roue: Caoutchouc moul\u00e9<br \/>\nType de roulette:  Pivotant<br \/>\nMat\u00e9riau du cadre: Acier<br \/>\nLargeur de la semelle: 2&#8243; (50,8 mm)<br \/>\nDia. des trous de boulon: 1\/2&#8243; (12,7 mm)<br \/>\nDimensions de la plaque:  4&#8243; x 4-1\/2&#8243; (102 mm x 114 mm)<br \/>\nType de roulement: Rouleaux<\/p>\n","protected":false},"excerpt":{"rendered":"<p>8&#8243; (203,2 mm) Capacit\u00e9: 500 lb (227 kg) Mat\u00e9riau de roue: Caoutchouc moul\u00e9 Type de roulette: Pivotant Mat\u00e9riau du cadre: Acier Largeur de la semelle: 2&#8243; (50,8 mm) Dia. des trous de boulon: 1\/2&#8243; (12,7 mm) Dimensions de la plaque: 4&#8243; x 4-1\/2&#8243; (102 mm x 114 mm) Type de roulement: Rouleaux<\/p>\n","protected":false},"featured_media":25495,"template":"","meta":{"slim_seo":{"title":"ROUE 8'' PIVOTANTE 9-1\/2 HORS TOUT FOURCHE 2 TROUS - Distribution Industrielle G.C.","description":"8\" (203,2 mm) Capacit\u00e9: 500 lb (227 kg) Mat\u00e9riau de roue: Caoutchouc moul\u00e9 Type de roulette: Pivotant Mat\u00e9riau du cadre: Acier Largeur de la semelle: 2\" (50,8 m"}},"pwb-brand":[11587],"product_brand":[],"product_cat":[1135,1187],"product_tag":[],"class_list":{"0":"post-47325","1":"product","2":"type-product","3":"status-publish","4":"has-post-thumbnail","6":"pwb-brand-blickle","7":"product_cat-caster","8":"product_cat-hardware-en","10":"first","11":"instock","12":"taxable","13":"shipping-taxable","14":"purchasable","15":"product-type-simple","16":"add-to-wishlist-after_add_to_cart"},"brands":[{"id":11587,"name":"BLICKLE","slug":"blickle"}],"_links":{"self":[{"href":"https:\/\/www.distgc.com\/en\/wp-json\/wp\/v2\/product\/47325","targetHints":{"allow":["GET"]}}],"collection":[{"href":"https:\/\/www.distgc.com\/en\/wp-json\/wp\/v2\/product"}],"about":[{"href":"https:\/\/www.distgc.com\/en\/wp-json\/wp\/v2\/types\/product"}],"wp:featuredmedia":[{"embeddable":true,"href":"https:\/\/www.distgc.com\/en\/wp-json\/wp\/v2\/media\/25495"}],"wp:attachment":[{"href":"https:\/\/www.distgc.com\/en\/wp-json\/wp\/v2\/media?parent=47325"}],"wp:term":[{"taxonomy":"pwb-brand","embeddable":true,"href":"https:\/\/www.distgc.com\/en\/wp-json\/wp\/v2\/pwb-brand?post=47325"},{"taxonomy":"product_brand","embeddable":true,"href":"https:\/\/www.distgc.com\/en\/wp-json\/wp\/v2\/product_brand?post=47325"},{"taxonomy":"product_cat","embeddable":true,"href":"https:\/\/www.distgc.com\/en\/wp-json\/wp\/v2\/product_cat?post=47325"},{"taxonomy":"product_tag","embeddable":true,"href":"https:\/\/www.distgc.com\/en\/wp-json\/wp\/v2\/product_tag?post=47325"}],"curies":[{"name":"wp","href":"https:\/\/api.w.org\/{rel}","templated":true}]}}