{"id":47389,"date":"2022-03-02T23:40:16","date_gmt":"2022-03-03T04:40:16","guid":{"rendered":"https:\/\/distgc.com\/?product=servante-datelier-de-28-po-10-tiroirs-verrou-de-securite"},"modified":"2023-06-08T11:21:16","modified_gmt":"2023-06-08T11:21:16","slug":"servante-datelier-de-28-po-10-tiroirs-verrou-de-securite","status":"publish","type":"product","link":"https:\/\/www.distgc.com\/en\/product\/servante-datelier-de-28-po-10-tiroirs-verrou-de-securite\/","title":{"rendered":"SERVANTE D&#8217;ATELIER DE 28 PO, 10 TIROIRS, VERROU DE S\u00c9CURIT\u00c9"},"content":{"rendered":"<p>La capacit\u00e9 de charge par tiroir (top 8) est de 66 lb.<br \/>\nLa capacit\u00e9 de charge par tiroir (2 du bas) est de 88 lb.<br \/>\nPoids net : 163 livres.<br \/>\n43 1\/4&#8243;(h) x 28&#8243;(w) x 18&#8243;(d) (hors tout avec roulettes).<\/p>\n","protected":false},"excerpt":{"rendered":"<p>La capacit\u00e9 de charge par tiroir (top 8) est de 66 lb. La capacit\u00e9 de charge par tiroir (2 du bas) est de 88 lb. Poids net : 163 livres. 43 1\/4&#8243;(h) x 28&#8243;(w) x 18&#8243;(d) (hors tout avec roulettes).<\/p>\n","protected":false},"featured_media":25577,"template":"","meta":{"slim_seo":{"title":"SERVANTE D'ATELIER DE 28 PO, 10 TIROIRS, VERROU DE S\u00c9CURIT\u00c9 - Distribution Industrielle G.C.","description":"La capacit\u00e9 de charge par tiroir (top 8) est de 66 lb. La capacit\u00e9 de charge par tiroir (2 du bas) est de 88 lb. Poids net : 163 livres. 43 1\/4\"(h) x 28\"(w) x 1"}},"pwb-brand":[590],"product_brand":[],"product_cat":[1133],"product_tag":[],"class_list":{"0":"post-47389","1":"product","2":"type-product","3":"status-publish","4":"has-post-thumbnail","6":"pwb-brand-dynamic-tools","7":"product_cat-toolboxes-tool-bag","9":"first","10":"outofstock","11":"taxable","12":"shipping-taxable","13":"product-type-simple","14":"add-to-wishlist-after_add_to_cart"},"brands":[{"id":590,"name":"DYNAMIC TOOLS","slug":"dynamic-tools"}],"_links":{"self":[{"href":"https:\/\/www.distgc.com\/en\/wp-json\/wp\/v2\/product\/47389","targetHints":{"allow":["GET"]}}],"collection":[{"href":"https:\/\/www.distgc.com\/en\/wp-json\/wp\/v2\/product"}],"about":[{"href":"https:\/\/www.distgc.com\/en\/wp-json\/wp\/v2\/types\/product"}],"wp:featuredmedia":[{"embeddable":true,"href":"https:\/\/www.distgc.com\/en\/wp-json\/wp\/v2\/media\/25577"}],"wp:attachment":[{"href":"https:\/\/www.distgc.com\/en\/wp-json\/wp\/v2\/media?parent=47389"}],"wp:term":[{"taxonomy":"pwb-brand","embeddable":true,"href":"https:\/\/www.distgc.com\/en\/wp-json\/wp\/v2\/pwb-brand?post=47389"},{"taxonomy":"product_brand","embeddable":true,"href":"https:\/\/www.distgc.com\/en\/wp-json\/wp\/v2\/product_brand?post=47389"},{"taxonomy":"product_cat","embeddable":true,"href":"https:\/\/www.distgc.com\/en\/wp-json\/wp\/v2\/product_cat?post=47389"},{"taxonomy":"product_tag","embeddable":true,"href":"https:\/\/www.distgc.com\/en\/wp-json\/wp\/v2\/product_tag?post=47389"}],"curies":[{"name":"wp","href":"https:\/\/api.w.org\/{rel}","templated":true}]}}