{"id":47391,"date":"2022-03-03T00:54:28","date_gmt":"2022-03-03T05:54:28","guid":{"rendered":"https:\/\/distgc.com\/?product=servante-datelier-de-53-po-12-tiroirs-verrou-de-securite"},"modified":"2023-06-08T11:21:18","modified_gmt":"2023-06-08T11:21:18","slug":"servante-datelier-de-53-po-12-tiroirs-verrou-de-securite","status":"publish","type":"product","link":"https:\/\/www.distgc.com\/en\/product\/servante-datelier-de-53-po-12-tiroirs-verrou-de-securite\/","title":{"rendered":"SERVANTE D&#8217;ATELIER DE 53 PO, 12 TIROIRS, VERROU DE S\u00c9CURIT\u00c9"},"content":{"rendered":"<p>La capacit\u00e9 de charge par tiroir est de 132 lb<br \/>\nPoids net : 470 lb<br \/>\n53\u201d(w) x 24\u201d(d) x 41\u201d(h) (hors tout avec roulettes)<\/p>\n","protected":false},"excerpt":{"rendered":"<p>La capacit\u00e9 de charge par tiroir est de 132 lb Poids net : 470 lb 53\u201d(w) x 24\u201d(d) x 41\u201d(h) (hors tout avec roulettes)<\/p>\n","protected":false},"featured_media":25581,"template":"","meta":{"slim_seo":{"title":"SERVANTE D'ATELIER DE 53 PO, 12 TIROIRS, VERROU DE S\u00c9CURIT\u00c9 - Distribution Industrielle G.C.","description":"La capacit\u00e9 de charge par tiroir est de 132 lb Poids net : 470 lb 53\u201d(w) x 24\u201d(d) x 41\u201d(h) (hors tout avec roulettes)"}},"pwb-brand":[590],"product_brand":[],"product_cat":[1133],"product_tag":[],"class_list":{"0":"post-47391","1":"product","2":"type-product","3":"status-publish","4":"has-post-thumbnail","6":"pwb-brand-dynamic-tools","7":"product_cat-toolboxes-tool-bag","9":"first","10":"outofstock","11":"taxable","12":"shipping-taxable","13":"product-type-simple","14":"add-to-wishlist-after_add_to_cart"},"brands":[{"id":590,"name":"DYNAMIC TOOLS","slug":"dynamic-tools"}],"_links":{"self":[{"href":"https:\/\/www.distgc.com\/en\/wp-json\/wp\/v2\/product\/47391","targetHints":{"allow":["GET"]}}],"collection":[{"href":"https:\/\/www.distgc.com\/en\/wp-json\/wp\/v2\/product"}],"about":[{"href":"https:\/\/www.distgc.com\/en\/wp-json\/wp\/v2\/types\/product"}],"wp:featuredmedia":[{"embeddable":true,"href":"https:\/\/www.distgc.com\/en\/wp-json\/wp\/v2\/media\/25581"}],"wp:attachment":[{"href":"https:\/\/www.distgc.com\/en\/wp-json\/wp\/v2\/media?parent=47391"}],"wp:term":[{"taxonomy":"pwb-brand","embeddable":true,"href":"https:\/\/www.distgc.com\/en\/wp-json\/wp\/v2\/pwb-brand?post=47391"},{"taxonomy":"product_brand","embeddable":true,"href":"https:\/\/www.distgc.com\/en\/wp-json\/wp\/v2\/product_brand?post=47391"},{"taxonomy":"product_cat","embeddable":true,"href":"https:\/\/www.distgc.com\/en\/wp-json\/wp\/v2\/product_cat?post=47391"},{"taxonomy":"product_tag","embeddable":true,"href":"https:\/\/www.distgc.com\/en\/wp-json\/wp\/v2\/product_tag?post=47391"}],"curies":[{"name":"wp","href":"https:\/\/api.w.org\/{rel}","templated":true}]}}