{"id":47404,"date":"2022-03-16T02:15:55","date_gmt":"2022-03-16T06:15:55","guid":{"rendered":"https:\/\/distgc.com\/?product=gant-monteur-dete-couture-interieur-meilleure-qualite-manchette-de-2-avec-bandes"},"modified":"2023-06-08T11:21:29","modified_gmt":"2023-06-08T11:21:29","slug":"gant-monteur-dete-couture-interieur-meilleure-qualite-manchette-de-2-avec-bandes","status":"publish","type":"product","link":"https:\/\/www.distgc.com\/en\/product\/gant-monteur-dete-couture-interieur-meilleure-qualite-manchette-de-2-avec-bandes\/","title":{"rendered":"GANT MONTEUR D&#8217;\u00c9T\u00c9 COUTURE INTERIEUR MEILLEURE QUALIT\u00c9 MANCHETTE DE 2&#8221; AVEC BANDES"},"content":{"rendered":"","protected":false},"excerpt":{"rendered":"","protected":false},"featured_media":25601,"template":"","meta":{"slim_seo":{"title":"GANT MONTEUR D'\u00c9T\u00c9 COUTURE INTERIEUR MEILLEURE QUALIT\u00c9 MANCHETTE DE 2'' AVEC BANDES - Distribution Industrielle G.C.","description":""}},"pwb-brand":[634],"product_brand":[],"product_cat":[1191,1057],"product_tag":[],"class_list":{"0":"post-47404","1":"product","2":"type-product","3":"status-publish","4":"has-post-thumbnail","6":"pwb-brand-degil","7":"product_cat-liquidation-en","8":"product_cat-lineman-equipment","10":"first","11":"instock","12":"taxable","13":"shipping-taxable","14":"purchasable","15":"product-type-variable","16":"add-to-wishlist-after_add_to_cart"},"brands":[{"id":634,"name":"DEGIL","slug":"degil"}],"_links":{"self":[{"href":"https:\/\/www.distgc.com\/en\/wp-json\/wp\/v2\/product\/47404","targetHints":{"allow":["GET"]}}],"collection":[{"href":"https:\/\/www.distgc.com\/en\/wp-json\/wp\/v2\/product"}],"about":[{"href":"https:\/\/www.distgc.com\/en\/wp-json\/wp\/v2\/types\/product"}],"wp:featuredmedia":[{"embeddable":true,"href":"https:\/\/www.distgc.com\/en\/wp-json\/wp\/v2\/media\/25601"}],"wp:attachment":[{"href":"https:\/\/www.distgc.com\/en\/wp-json\/wp\/v2\/media?parent=47404"}],"wp:term":[{"taxonomy":"pwb-brand","embeddable":true,"href":"https:\/\/www.distgc.com\/en\/wp-json\/wp\/v2\/pwb-brand?post=47404"},{"taxonomy":"product_brand","embeddable":true,"href":"https:\/\/www.distgc.com\/en\/wp-json\/wp\/v2\/product_brand?post=47404"},{"taxonomy":"product_cat","embeddable":true,"href":"https:\/\/www.distgc.com\/en\/wp-json\/wp\/v2\/product_cat?post=47404"},{"taxonomy":"product_tag","embeddable":true,"href":"https:\/\/www.distgc.com\/en\/wp-json\/wp\/v2\/product_tag?post=47404"}],"curies":[{"name":"wp","href":"https:\/\/api.w.org\/{rel}","templated":true}]}}